{"id":1968,"date":"2023-02-17T14:18:13","date_gmt":"2023-02-17T14:18:13","guid":{"rendered":"http:\/\/datahub.utm.csic.es\/portal\/?page_id=1968"},"modified":"2024-03-12T10:46:16","modified_gmt":"2024-03-12T10:46:16","slug":"ofertas-de-trabajo","status":"publish","type":"page","link":"https:\/\/data.utm.csic.es\/portal\/index.php\/ofertas-de-trabajo\/","title":{"rendered":"Ofertas de trabajo"},"content":{"rendered":"<div data-colibri-id=\"1968-c1\" class=\"style-915 style-local-1968-c1 position-relative\">\n  <!---->\n  <div data-colibri-component=\"section\" data-colibri-id=\"1968-c2\" id=\"custom\" class=\"h-section h-section-global-spacing d-flex align-items-lg-center align-items-md-center align-items-center style-920 style-local-1968-c2 position-relative\">\n    <!---->\n    <!---->\n    <div class=\"h-section-grid-container h-section-boxed-container\">\n      <!---->\n      <div data-colibri-id=\"1968-c3\" class=\"h-row-container gutters-row-lg-2 gutters-row-md-2 gutters-row-0 gutters-row-v-lg-2 gutters-row-v-md-2 gutters-row-v-2 style-923 style-local-1968-c3 position-relative\">\n        <!---->\n        <div class=\"h-row justify-content-lg-center justify-content-md-center justify-content-center align-items-lg-stretch align-items-md-stretch align-items-stretch gutters-col-lg-2 gutters-col-md-2 gutters-col-0 gutters-col-v-lg-2 gutters-col-v-md-2 gutters-col-v-2\">\n          <!---->\n          <div class=\"h-column h-column-container d-flex h-col-lg-auto h-col-md-auto h-col-auto style-924-outer style-local-1968-c4-outer\">\n            <div data-colibri-id=\"1968-c4\" class=\"d-flex h-flex-basis h-column__inner h-px-lg-2 h-px-md-2 h-px-2 v-inner-lg-2 v-inner-md-2 v-inner-2 style-924 style-local-1968-c4 position-relative\">\n              <!---->\n              <!---->\n              <div class=\"w-100 h-y-container h-column__content h-column__v-align flex-basis-100 align-self-lg-start align-self-md-start align-self-start\">\n                <!---->\n                <div data-colibri-id=\"1968-c5\" class=\"h-text h-text-component style-925 style-local-1968-c5 position-relative h-element\">\n                  <!---->\n                  <!---->\n                  <div class=\"\">\n                    <p><strong style=\"font-weight: 700; color: rgb(56, 56, 56); font-size: 19.2px;\">Condiciones laborales:<\/strong><\/p>\n                    <p><span style=\"color: rgb(56, 56, 56);\">Salario seg\u00fan titulaci\u00f3n y tablas salariales del CSIC ( desde&nbsp;<\/span><strong style=\"color: rgb(56, 56, 56); font-weight: 700;\">20.685 \u20ac&nbsp;<\/strong><strong style=\"color: rgb(56, 56, 56); font-weight: 400;\">hasta<\/strong>\n                      <span\n                        style=\"color: rgb(56, 56, 56); font-weight: 400; font-family: Lato; font-size: 16px;\">&nbsp;<\/span><strong style=\"color: rgb(56, 56, 56); font-weight: 700; font-family: Lato; font-size: 16px;\">31.520 \u20ac brutos anuales<\/strong><span style=\"color: rgb(56, 56, 56);\">)<\/span><\/p>\n                    <p><span style=\"color: rgb(56, 56, 56);\">37,5 horas semanales en jornada intensiva<\/span><\/p>\n                    <p><span style=\"font-size: 19.2px; color: rgb(56, 56, 56);\">Contacto:<\/span><span style=\"color: rgb(56, 56, 56);\">&nbsp;enviar CV a data@utm.csic.es<\/span><\/p>\n                    <p><em style=\"color: rgb(56, 56, 56); font-size: 15.84px;\">La contrataci\u00f3n se realizar\u00e1 a trav\u00e9s de la Bolsa de Trabajo del CSIC<\/em><\/p>\n                    <p><span style=\"color: rgb(56, 56, 56); font-size: 16px;\"><span class=\"ql-cursor\">\ufeff<\/span><\/span><span style=\"color: rgb(56, 56, 56); font-size: 16px; font-weight: 400; font-family: Lato;\">Unidad de Tecnolog\u00eda Marina,&nbsp;<\/span>\n                      <a href=\"http:\/\/www.utm.csic.es\" target=\"_blank\" style=\"color: rgb(206, 0, 0); font-size: 1em; font-weight: 400; font-family: Lato;\" rel=\"noopener\">UTM&nbsp;&#8211; CSIC<\/a><span style=\"color: rgb(56, 56, 56); font-size: 16px; font-weight: 400; font-family: Lato;\">&nbsp;( Barcelona)<\/span><\/p>\n                  <\/div>\n                <\/div>\n              <\/div>\n            <\/div>\n          <\/div>\n        <\/div>\n      <\/div>\n    <\/div>\n  <\/div>\n<\/div>","protected":false},"excerpt":{"rendered":"<p>Condiciones laborales: Salario seg\u00fan titulaci\u00f3n y tablas salariales del CSIC ( desde&nbsp;20.685 \u20ac&nbsp;hasta &nbsp;31.520 \u20ac brutos anuales) 37,5 horas semanales en jornada intensiva Contacto:&nbsp;enviar CV a data@utm.csic.es La contrataci\u00f3n se realizar\u00e1 a trav\u00e9s de la Bolsa de Trabajo del CSIC \ufeffUnidad de Tecnolog\u00eda Marina,&nbsp; UTM&nbsp;&#8211; CSIC&nbsp;( Barcelona)<\/p>\n","protected":false},"author":1,"featured_media":0,"parent":0,"menu_order":0,"comment_status":"closed","ping_status":"closed","template":"page-templates\/full-width-page.php","meta":{"_monsterinsights_skip_tracking":false,"_monsterinsights_sitenote_active":false,"_monsterinsights_sitenote_note":"","_monsterinsights_sitenote_category":0,"footnotes":""},"class_list":["post-1968","page","type-page","status-publish","hentry"],"_links":{"self":[{"href":"https:\/\/data.utm.csic.es\/portal\/index.php\/wp-json\/wp\/v2\/pages\/1968","targetHints":{"allow":["GET"]}}],"collection":[{"href":"https:\/\/data.utm.csic.es\/portal\/index.php\/wp-json\/wp\/v2\/pages"}],"about":[{"href":"https:\/\/data.utm.csic.es\/portal\/index.php\/wp-json\/wp\/v2\/types\/page"}],"author":[{"embeddable":true,"href":"https:\/\/data.utm.csic.es\/portal\/index.php\/wp-json\/wp\/v2\/users\/1"}],"replies":[{"embeddable":true,"href":"https:\/\/data.utm.csic.es\/portal\/index.php\/wp-json\/wp\/v2\/comments?post=1968"}],"version-history":[{"count":18,"href":"https:\/\/data.utm.csic.es\/portal\/index.php\/wp-json\/wp\/v2\/pages\/1968\/revisions"}],"predecessor-version":[{"id":2399,"href":"https:\/\/data.utm.csic.es\/portal\/index.php\/wp-json\/wp\/v2\/pages\/1968\/revisions\/2399"}],"wp:attachment":[{"href":"https:\/\/data.utm.csic.es\/portal\/index.php\/wp-json\/wp\/v2\/media?parent=1968"}],"curies":[{"name":"wp","href":"https:\/\/api.w.org\/{rel}","templated":true}]}}